{"id":18,"date":"2009-05-19T21:41:01","date_gmt":"2009-05-19T18:41:01","guid":{"rendered":"http:\/\/www.alexandrahaggman.com\/?page_id=18"},"modified":"2025-11-29T18:47:39","modified_gmt":"2025-11-29T15:47:39","slug":"om-mig","status":"publish","type":"page","link":"https:\/\/www.alexandrahaggman.com\/","title":{"rendered":"Alexandra Enroth"},"content":{"rendered":"<p><span style=\"color: #ff00ff;\"><strong><br \/>\n<span style=\"color: #000000;\"><img loading=\"lazy\" decoding=\"async\" class=\"alignright size-medium wp-image-569\" title=\"Alexandra 2016, Foto Jonas Bergqvist\" src=\"http:\/\/www.alexandrahaggman.com\/wp-content\/uploads\/2009\/05\/1alexandra2016-200x300.jpg\" alt=\"Alexandra 2016, Foto Jonas Bergqvist\" width=\"200\" height=\"300\" srcset=\"https:\/\/www.alexandrahaggman.com\/wp-content\/uploads\/2009\/05\/1alexandra2016-200x300.jpg 200w, https:\/\/www.alexandrahaggman.com\/wp-content\/uploads\/2009\/05\/1alexandra2016-683x1024.jpg 683w, https:\/\/www.alexandrahaggman.com\/wp-content\/uploads\/2009\/05\/1alexandra2016.jpg 1667w\" sizes=\"auto, (max-width: 200px) 100vw, 200px\" \/><\/span><\/strong><\/span><\/p>\n<p><span style=\"font-family: Helvetica, sans-serif;\">Hej! Mitt namn \u00e4r Alexandra Enroth och jag \u00e4r sk\u00e5despelare och komiker.<\/span><\/p>\n<p><span style=\"font-family: Helvetica, sans-serif;\">Jag jobbar ocks\u00e5 som publikv\u00e4rd p\u00e5 Wasa Teater samt som frilansande estradpoet, producent\/arrang\u00f6r, skribent, och tidigare programledare\/kulturjournalist p\u00e5 radio.<\/span><\/p>\n<p><span style=\"font-family: Helvetica, sans-serif;\">English page and resume click <a href=\"http:\/\/www.alexandrahaggman.com\/?page_id=70\">here<\/a><\/span><\/p>\n<p><span style=\"font-family: Helvetica, sans-serif;\">I speak fluent english. Puhun my\u00f6s suomea.<\/span><\/p>\n<p><span style=\"font-family: Helvetica, sans-serif;\">Contact:<\/span><\/p>\n<p><a href=\"mailto:alexandra.haggman@gmail.com\"><span style=\"font-family: Helvetica, sans-serif;\">alexandra.haggman@gmail.com<\/span><\/a><\/p>\n<p><span style=\"font-family: Helvetica, sans-serif;\">AKTUELLT:<\/span><\/p>\n<p>2025 &#8211; Stand Up Comedy p\u00e5 olika klubbar och evenemang, t.ex. Onsdagsklubben OK Comedy i Vasa, Top Floor Comedy i Helsingfors och privata tillst\u00e4llningar.<\/p>\n<p><span style=\"font-family: Helvetica, sans-serif;\">2020 &#8211; Vasa Comedy Club och \u00f6vriga upptr\u00e4danden som komiker.<\/span><\/p>\n<p><span style=\"font-family: Helvetica, sans-serif;\">2018-2020 Kvarkenhumor. Kurser, workshops och klubbar i stand up comedy.<\/span><\/p>\n<p><span style=\"font-family: Helvetica, sans-serif;\">2017-2018 Konstn\u00e4rligt arbetsstipendium av Svenska Kulturfonden.<\/span><\/p>\n<p><span style=\"font-family: Helvetica, sans-serif;\">2018 Manusf\u00f6rfattare till \u00c5rets Film &#8221;2028&#8221;, Film i \u00d6sterbotten.<\/span><\/p>\n<p><span style=\"font-family: Helvetica, sans-serif;\">2017 &#8211; Stand up comedy. Bland annat med Humorhuset, Humorlandskampen p\u00e5 Svenska Teatern, och turn\u00e9er i Sverige.<\/span><\/p>\n<p><span style=\"font-family: Helvetica, sans-serif;\">2016 &#8211; Poesi med fokus p\u00e5 estradpoesi och Spoken Word. Vinnare av Poetry Slam-t\u00e4vling &#8221;Bottenslam&#8221; i Vasa oktober 2018, samt i Ume\u00e5 (Sverige).<\/span><\/p>\n<p><span style=\"font-family: Helvetica, sans-serif;\">Projektanst\u00e4llningar som sk\u00e5despelare p\u00e5 bland annat Wasa Teater och med den fria teatergruppen Unga Scenkompaniet.<\/span><\/p>\n<p><span style=\"font-family: Helvetica, sans-serif;\">Se <a href=\"http:\/\/www.alexandrahaggman.com\/?page_id=85\">CV<\/a> f\u00f6r mera arbetserfarenheter, meriter och referenser.<\/span><\/p>\n<p>&nbsp;<\/p>\n<p style=\"text-align: center;\"><strong><img loading=\"lazy\" decoding=\"async\" class=\"aligncenter size-full wp-image-789\" title=\"Alexandra H\u00e4ggman, photo Jonas Bergqvist (JBQ)\" src=\"http:\/\/www.alexandrahaggman.com\/wp-content\/uploads\/2009\/05\/4alexandra_headshot_svartvit.jpg\" alt=\"Alexandra H\u00e4ggman, photo Jonas Bergqvist (JBQ)\" width=\"512\" height=\"342\" srcset=\"https:\/\/www.alexandrahaggman.com\/wp-content\/uploads\/2009\/05\/4alexandra_headshot_svartvit.jpg 800w, https:\/\/www.alexandrahaggman.com\/wp-content\/uploads\/2009\/05\/4alexandra_headshot_svartvit-300x200.jpg 300w\" sizes=\"auto, (max-width: 512px) 100vw, 512px\" \/><\/strong><\/p>\n<p style=\"text-align: center;\"><strong>\u00a0<\/strong><\/p>\n<p style=\"text-align: center;\">\n","protected":false},"excerpt":{"rendered":"<p>Hej! Mitt namn \u00e4r Alexandra Enroth och jag \u00e4r sk\u00e5despelare och komiker. Jag jobbar ocks\u00e5 som publikv\u00e4rd p\u00e5 Wasa Teater samt som frilansande estradpoet, producent\/arrang\u00f6r, skribent, och tidigare programledare\/kulturjournalist p\u00e5 radio. English page and resume click here I speak fluent english. Puhun my\u00f6s suomea. Contact: alexandra.haggman@gmail.com AKTUELLT: 2025 &#8211; Stand Up Comedy p\u00e5 olika klubbar &hellip; <\/p>\n<p class=\"link-more\"><a href=\"https:\/\/www.alexandrahaggman.com\/\" class=\"more-link\">Forts\u00e4tt l\u00e4sa<span class=\"screen-reader-text\"> \u201dAlexandra Enroth\u201d<\/span><\/a><\/p>\n","protected":false},"author":1,"featured_media":0,"parent":0,"menu_order":0,"comment_status":"closed","ping_status":"closed","template":"","meta":{"footnotes":""},"class_list":["post-18","page","type-page","status-publish","hentry"],"_links":{"self":[{"href":"https:\/\/www.alexandrahaggman.com\/index.php?rest_route=\/wp\/v2\/pages\/18","targetHints":{"allow":["GET"]}}],"collection":[{"href":"https:\/\/www.alexandrahaggman.com\/index.php?rest_route=\/wp\/v2\/pages"}],"about":[{"href":"https:\/\/www.alexandrahaggman.com\/index.php?rest_route=\/wp\/v2\/types\/page"}],"author":[{"embeddable":true,"href":"https:\/\/www.alexandrahaggman.com\/index.php?rest_route=\/wp\/v2\/users\/1"}],"replies":[{"embeddable":true,"href":"https:\/\/www.alexandrahaggman.com\/index.php?rest_route=%2Fwp%2Fv2%2Fcomments&post=18"}],"version-history":[{"count":265,"href":"https:\/\/www.alexandrahaggman.com\/index.php?rest_route=\/wp\/v2\/pages\/18\/revisions"}],"predecessor-version":[{"id":1010,"href":"https:\/\/www.alexandrahaggman.com\/index.php?rest_route=\/wp\/v2\/pages\/18\/revisions\/1010"}],"wp:attachment":[{"href":"https:\/\/www.alexandrahaggman.com\/index.php?rest_route=%2Fwp%2Fv2%2Fmedia&parent=18"}],"curies":[{"name":"wp","href":"https:\/\/api.w.org\/{rel}","templated":true}]}}